{"id":2603,"date":"2019-04-22T21:05:27","date_gmt":"2019-09-10T11:38:05","guid":{"rendered":"http:\/\/autolightsystems.com\/produit\/pals-pro-auto-light-system\/"},"modified":"2022-02-02T16:36:51","modified_gmt":"2022-02-02T15:36:51","slug":"automatisch-auto-licht-schalter","status":"publish","type":"product","link":"https:\/\/autolightsystems.com\/de\/product\/porsche-zubehor\/automatisch-auto-licht-schalter\/","title":{"rendered":"Professionelle L\u00f6sung zur automatischen Scheinwerfer-Aktivierung f\u00fcr Porsche &#8211; PALS"},"content":{"rendered":"<p><span style=\"font-size: 16px; color: #000000;\"><span style=\"font-family: Raleway;\">Der PALS-Lichtassistent ist ein komfortvolles nach CE und E11 zertifiziertes Upgrade.<\/span><\/span><\/p>\n<p><span style=\"font-size: 16px; color: #000000;\"><span style=\"font-family: Raleway;\">Ihr Porsche\u2122-Fernlicht (-Abblendlicht) wird automatisch an- und ausgeschaltet.<\/span><\/span><\/p>\n<p><span style=\"font-size: 16px; color: #000000;\"><span style=\"font-family: Raleway;\">Das Abblendlicht, die Instrumentenbeleuchtung und der PCM-Nachtmodus werden in den folgenden Situationen automatisch eingeschaltet:<\/span><\/span><\/p>\n<p><strong><span style=\"font-size: 16px; color: #000000;\"><span style=\"font-family: Raleway;\">Abendd\u00e4mmerung\/ Dunkelheit\/ Morgend\u00e4mmerung<\/span><\/span><\/strong><br \/>\n<strong><span style=\"font-size: 16px; color: #000000;\"><span style=\"font-family: Raleway;\">Fahrten durch Tunnel<\/span><\/span><\/strong><br \/>\n<strong><span style=\"font-size: 16px; color: #000000;\"><span style=\"font-family: Raleway;\">Hochgeschwindigkeitsfahrten vom eingebauten GPS erkannt.<\/span><\/span><\/strong><\/p>\n<p>&nbsp;<\/p>\n<p><strong><span style=\"font-size: 16px; color: #000000;\"><span style=\"font-family: Raleway;\">Lieferumfang:<\/span><\/span><\/strong><\/p>\n<ul>\n<li><span style=\"font-size: 16px; color: #000000;\"><span style=\"font-family: Raleway;\">PALS-System: Sensor und PALS-Anschluss<\/span><\/span><\/li>\n<li><span style=\"font-size: 16px; color: #000000;\"><span style=\"font-family: Raleway;\">Montagewerkzeug<\/span><\/span><\/li>\n<li><span style=\"font-size: 16px; color: #000000;\"><span style=\"font-family: Raleway;\">Glasreinigungspad<\/span><\/span><\/li>\n<li><span style=\"font-size: 16px; color: #000000;\"><span style=\"font-family: Raleway;\">Nutzungsanweisungen<\/span><\/span><\/li>\n<\/ul>\n<p><span style=\"font-size: 16px; color: #000000;\"><span style=\"font-family: Raleway;\">Montageanweisungen stehen zur Verf\u00fcgung auf: <a href=\"http:\/\/autolightsystems.com\/guide\/\">autolightsystems.com\/install\/<\/a><\/span><\/span><\/p>\n","protected":false},"excerpt":{"rendered":"<p><span style=\"font-family: Raleway; font-size: 17px;\">&#8222;Setzen Sie unsere L\u00f6sung zur automatischen Scheinwerferaktivierung an Ihrem Porsche ein und gewinnen Sie Seelenfrieden, Komfort und Sicherheit&#8220;.<\/span><\/p>\n<p><span style=\"font-size: 17px;\"><strong><span style=\"color: #000000; font-family: Raleway;\">PALS ist kompatibel mit:<\/span><\/strong><\/span><\/p>\n<p><span style=\"font-size: 17px;\"><strong><span style=\"color: #999999; font-family: Raleway;\">&#8211; Porsche 911 \/ 997 MK1, MK2<\/span><\/strong><\/span><br \/>\n<span style=\"font-size: 17px;\"><strong><span style=\"color: #999999; font-family: Raleway;\">&#8211; Boxster &amp; Cayman 987<\/span><\/strong><\/span><br \/>\n<span style=\"font-size: 17px;\"><strong><span style=\"color: #999999; font-family: Raleway;\">&#8211; Cayenne 955 &amp; 957.<\/span><\/strong><\/span><\/p>\n","protected":false},"featured_media":509,"comment_status":"closed","ping_status":"closed","template":"","meta":[],"product_brand":[],"product_cat":[547],"product_tag":[],"class_list":{"0":"post-2603","1":"product","2":"type-product","3":"status-publish","4":"has-post-thumbnail","6":"product_cat-porsche-zubehor","8":"first","9":"instock","10":"taxable","11":"shipping-taxable","12":"purchasable","13":"product-type-simple","14":"prodpage-style2"},"yoast_head":"<!-- This site is optimized with the Yoast SEO plugin v27.5 - https:\/\/yoast.com\/product\/yoast-seo-wordpress\/ -->\n<title>Automatisch auto Licht schalter f\u00fcr Porsche-Fahrzeuge - PALS<\/title>\n<meta name=\"description\" content=\"Nehmen Sie unsere L\u00f6sung f\u00fcr die automatische Scheinwerferaktivierung. PALS ist allein entworfen f\u00fcr Porsche 911 997 MK1 &amp; MK2, Boxster and Cayman 987, Cayenne 955 &amp; 957\" \/>\n<meta name=\"robots\" content=\"index, follow, max-snippet:-1, max-image-preview:large, max-video-preview:-1\" \/>\n<link rel=\"canonical\" href=\"https:\/\/autolightsystems.com\/de\/product\/porsche-zubehor\/automatisch-auto-licht-schalter\/\" \/>\n<meta property=\"og:locale\" content=\"de_DE\" \/>\n<meta property=\"og:type\" content=\"article\" \/>\n<meta property=\"og:title\" content=\"Automatisch auto Licht schalter f\u00fcr Porsche-Fahrzeuge - PALS\" \/>\n<meta property=\"og:description\" content=\"Nehmen Sie unsere L\u00f6sung f\u00fcr die automatische Scheinwerferaktivierung. PALS ist allein entworfen f\u00fcr Porsche 911 997 MK1 &amp; MK2, Boxster and Cayman 987, Cayenne 955 &amp; 957\" \/>\n<meta property=\"og:url\" content=\"https:\/\/autolightsystems.com\/de\/product\/porsche-zubehor\/automatisch-auto-licht-schalter\/\" \/>\n<meta property=\"og:site_name\" content=\"Auto Light Systems\" \/>\n<meta property=\"article:publisher\" content=\"https:\/\/www.facebook.com\/AutolightSystems997\" \/>\n<meta property=\"article:modified_time\" content=\"2022-02-02T15:36:51+00:00\" \/>\n<meta property=\"og:image\" content=\"https:\/\/autolightsystems.com\/wp-content\/uploads\/2019\/06\/boxFront_pals_packshot.jpg\" \/>\n\t<meta property=\"og:image:width\" content=\"1335\" \/>\n\t<meta property=\"og:image:height\" content=\"2000\" \/>\n\t<meta property=\"og:image:type\" content=\"image\/jpeg\" \/>\n<meta name=\"twitter:card\" content=\"summary_large_image\" \/>\n<script type=\"application\/ld+json\" class=\"yoast-schema-graph\">{\"@context\":\"https:\\\/\\\/schema.org\",\"@graph\":[{\"@type\":\"WebPage\",\"@id\":\"https:\\\/\\\/autolightsystems.com\\\/de\\\/product\\\/porsche-zubehor\\\/automatisch-auto-licht-schalter\\\/\",\"url\":\"https:\\\/\\\/autolightsystems.com\\\/de\\\/product\\\/porsche-zubehor\\\/automatisch-auto-licht-schalter\\\/\",\"name\":\"Automatisch auto Licht schalter f\u00fcr Porsche-Fahrzeuge - PALS\",\"isPartOf\":{\"@id\":\"https:\\\/\\\/autolightsystems.com\\\/de\\\/#website\"},\"primaryImageOfPage\":{\"@id\":\"https:\\\/\\\/autolightsystems.com\\\/de\\\/product\\\/porsche-zubehor\\\/automatisch-auto-licht-schalter\\\/#primaryimage\"},\"image\":{\"@id\":\"https:\\\/\\\/autolightsystems.com\\\/de\\\/product\\\/porsche-zubehor\\\/automatisch-auto-licht-schalter\\\/#primaryimage\"},\"thumbnailUrl\":\"https:\\\/\\\/autolightsystems.com\\\/wp-content\\\/uploads\\\/2019\\\/06\\\/boxFront_pals_packshot.jpg\",\"datePublished\":\"2019-09-10T11:38:05+00:00\",\"dateModified\":\"2022-02-02T15:36:51+00:00\",\"description\":\"Nehmen Sie unsere L\u00f6sung f\u00fcr die automatische Scheinwerferaktivierung. PALS ist allein entworfen f\u00fcr Porsche 911 997 MK1 & MK2, Boxster and Cayman 987, Cayenne 955 & 957\",\"breadcrumb\":{\"@id\":\"https:\\\/\\\/autolightsystems.com\\\/de\\\/product\\\/porsche-zubehor\\\/automatisch-auto-licht-schalter\\\/#breadcrumb\"},\"inLanguage\":\"de\",\"potentialAction\":[{\"@type\":\"ReadAction\",\"target\":[\"https:\\\/\\\/autolightsystems.com\\\/de\\\/product\\\/porsche-zubehor\\\/automatisch-auto-licht-schalter\\\/\"]}]},{\"@type\":\"ImageObject\",\"inLanguage\":\"de\",\"@id\":\"https:\\\/\\\/autolightsystems.com\\\/de\\\/product\\\/porsche-zubehor\\\/automatisch-auto-licht-schalter\\\/#primaryimage\",\"url\":\"https:\\\/\\\/autolightsystems.com\\\/wp-content\\\/uploads\\\/2019\\\/06\\\/boxFront_pals_packshot.jpg\",\"contentUrl\":\"https:\\\/\\\/autolightsystems.com\\\/wp-content\\\/uploads\\\/2019\\\/06\\\/boxFront_pals_packshot.jpg\",\"width\":1335,\"height\":2000},{\"@type\":\"BreadcrumbList\",\"@id\":\"https:\\\/\\\/autolightsystems.com\\\/de\\\/product\\\/porsche-zubehor\\\/automatisch-auto-licht-schalter\\\/#breadcrumb\",\"itemListElement\":[{\"@type\":\"ListItem\",\"position\":1,\"name\":\"Home\",\"item\":\"https:\\\/\\\/autolightsystems.com\\\/de\\\/\"},{\"@type\":\"ListItem\",\"position\":2,\"name\":\"Shop\",\"item\":\"https:\\\/\\\/autolightsystems.com\\\/shop\\\/\"},{\"@type\":\"ListItem\",\"position\":3,\"name\":\"Professionelle L\u00f6sung zur automatischen Scheinwerfer-Aktivierung f\u00fcr Porsche &#8211; PALS\"}]},{\"@type\":\"WebSite\",\"@id\":\"https:\\\/\\\/autolightsystems.com\\\/de\\\/#website\",\"url\":\"https:\\\/\\\/autolightsystems.com\\\/de\\\/\",\"name\":\"Auto Light Systems\",\"description\":\"Automatic lights system accessory for Porsche\",\"publisher\":{\"@id\":\"https:\\\/\\\/autolightsystems.com\\\/de\\\/#organization\"},\"alternateName\":\"the automatic headlight switch for Porsche 911\",\"potentialAction\":[{\"@type\":\"SearchAction\",\"target\":{\"@type\":\"EntryPoint\",\"urlTemplate\":\"https:\\\/\\\/autolightsystems.com\\\/de\\\/?s={search_term_string}\"},\"query-input\":{\"@type\":\"PropertyValueSpecification\",\"valueRequired\":true,\"valueName\":\"search_term_string\"}}],\"inLanguage\":\"de\"},{\"@type\":\"Organization\",\"@id\":\"https:\\\/\\\/autolightsystems.com\\\/de\\\/#organization\",\"name\":\"Auto light Systems\",\"url\":\"https:\\\/\\\/autolightsystems.com\\\/de\\\/\",\"logo\":{\"@type\":\"ImageObject\",\"inLanguage\":\"de\",\"@id\":\"https:\\\/\\\/autolightsystems.com\\\/de\\\/#\\\/schema\\\/logo\\\/image\\\/\",\"url\":\"https:\\\/\\\/autolightsystems.com\\\/wp-content\\\/uploads\\\/2019\\\/06\\\/pals-logo-black-1-1.png\",\"contentUrl\":\"https:\\\/\\\/autolightsystems.com\\\/wp-content\\\/uploads\\\/2019\\\/06\\\/pals-logo-black-1-1.png\",\"width\":3305,\"height\":545,\"caption\":\"Auto light Systems\"},\"image\":{\"@id\":\"https:\\\/\\\/autolightsystems.com\\\/de\\\/#\\\/schema\\\/logo\\\/image\\\/\"},\"sameAs\":[\"https:\\\/\\\/www.facebook.com\\\/AutolightSystems997\",\"https:\\\/\\\/www.instagram.com\\\/autolightsystems997\\\/\"]}]}<\/script>\n<!-- \/ Yoast SEO plugin. -->","yoast_head_json":{"title":"Automatisch auto Licht schalter f\u00fcr Porsche-Fahrzeuge - PALS","description":"Nehmen Sie unsere L\u00f6sung f\u00fcr die automatische Scheinwerferaktivierung. PALS ist allein entworfen f\u00fcr Porsche 911 997 MK1 & MK2, Boxster and Cayman 987, Cayenne 955 & 957","robots":{"index":"index","follow":"follow","max-snippet":"max-snippet:-1","max-image-preview":"max-image-preview:large","max-video-preview":"max-video-preview:-1"},"canonical":"https:\/\/autolightsystems.com\/de\/product\/porsche-zubehor\/automatisch-auto-licht-schalter\/","og_locale":"de_DE","og_type":"article","og_title":"Automatisch auto Licht schalter f\u00fcr Porsche-Fahrzeuge - PALS","og_description":"Nehmen Sie unsere L\u00f6sung f\u00fcr die automatische Scheinwerferaktivierung. PALS ist allein entworfen f\u00fcr Porsche 911 997 MK1 & MK2, Boxster and Cayman 987, Cayenne 955 & 957","og_url":"https:\/\/autolightsystems.com\/de\/product\/porsche-zubehor\/automatisch-auto-licht-schalter\/","og_site_name":"Auto Light Systems","article_publisher":"https:\/\/www.facebook.com\/AutolightSystems997","article_modified_time":"2022-02-02T15:36:51+00:00","og_image":[{"width":1335,"height":2000,"url":"https:\/\/autolightsystems.com\/wp-content\/uploads\/2019\/06\/boxFront_pals_packshot.jpg","type":"image\/jpeg"}],"twitter_card":"summary_large_image","schema":{"@context":"https:\/\/schema.org","@graph":[{"@type":"WebPage","@id":"https:\/\/autolightsystems.com\/de\/product\/porsche-zubehor\/automatisch-auto-licht-schalter\/","url":"https:\/\/autolightsystems.com\/de\/product\/porsche-zubehor\/automatisch-auto-licht-schalter\/","name":"Automatisch auto Licht schalter f\u00fcr Porsche-Fahrzeuge - PALS","isPartOf":{"@id":"https:\/\/autolightsystems.com\/de\/#website"},"primaryImageOfPage":{"@id":"https:\/\/autolightsystems.com\/de\/product\/porsche-zubehor\/automatisch-auto-licht-schalter\/#primaryimage"},"image":{"@id":"https:\/\/autolightsystems.com\/de\/product\/porsche-zubehor\/automatisch-auto-licht-schalter\/#primaryimage"},"thumbnailUrl":"https:\/\/autolightsystems.com\/wp-content\/uploads\/2019\/06\/boxFront_pals_packshot.jpg","datePublished":"2019-09-10T11:38:05+00:00","dateModified":"2022-02-02T15:36:51+00:00","description":"Nehmen Sie unsere L\u00f6sung f\u00fcr die automatische Scheinwerferaktivierung. PALS ist allein entworfen f\u00fcr Porsche 911 997 MK1 & MK2, Boxster and Cayman 987, Cayenne 955 & 957","breadcrumb":{"@id":"https:\/\/autolightsystems.com\/de\/product\/porsche-zubehor\/automatisch-auto-licht-schalter\/#breadcrumb"},"inLanguage":"de","potentialAction":[{"@type":"ReadAction","target":["https:\/\/autolightsystems.com\/de\/product\/porsche-zubehor\/automatisch-auto-licht-schalter\/"]}]},{"@type":"ImageObject","inLanguage":"de","@id":"https:\/\/autolightsystems.com\/de\/product\/porsche-zubehor\/automatisch-auto-licht-schalter\/#primaryimage","url":"https:\/\/autolightsystems.com\/wp-content\/uploads\/2019\/06\/boxFront_pals_packshot.jpg","contentUrl":"https:\/\/autolightsystems.com\/wp-content\/uploads\/2019\/06\/boxFront_pals_packshot.jpg","width":1335,"height":2000},{"@type":"BreadcrumbList","@id":"https:\/\/autolightsystems.com\/de\/product\/porsche-zubehor\/automatisch-auto-licht-schalter\/#breadcrumb","itemListElement":[{"@type":"ListItem","position":1,"name":"Home","item":"https:\/\/autolightsystems.com\/de\/"},{"@type":"ListItem","position":2,"name":"Shop","item":"https:\/\/autolightsystems.com\/shop\/"},{"@type":"ListItem","position":3,"name":"Professionelle L\u00f6sung zur automatischen Scheinwerfer-Aktivierung f\u00fcr Porsche &#8211; PALS"}]},{"@type":"WebSite","@id":"https:\/\/autolightsystems.com\/de\/#website","url":"https:\/\/autolightsystems.com\/de\/","name":"Auto Light Systems","description":"Automatic lights system accessory for Porsche","publisher":{"@id":"https:\/\/autolightsystems.com\/de\/#organization"},"alternateName":"the automatic headlight switch for Porsche 911","potentialAction":[{"@type":"SearchAction","target":{"@type":"EntryPoint","urlTemplate":"https:\/\/autolightsystems.com\/de\/?s={search_term_string}"},"query-input":{"@type":"PropertyValueSpecification","valueRequired":true,"valueName":"search_term_string"}}],"inLanguage":"de"},{"@type":"Organization","@id":"https:\/\/autolightsystems.com\/de\/#organization","name":"Auto light Systems","url":"https:\/\/autolightsystems.com\/de\/","logo":{"@type":"ImageObject","inLanguage":"de","@id":"https:\/\/autolightsystems.com\/de\/#\/schema\/logo\/image\/","url":"https:\/\/autolightsystems.com\/wp-content\/uploads\/2019\/06\/pals-logo-black-1-1.png","contentUrl":"https:\/\/autolightsystems.com\/wp-content\/uploads\/2019\/06\/pals-logo-black-1-1.png","width":3305,"height":545,"caption":"Auto light Systems"},"image":{"@id":"https:\/\/autolightsystems.com\/de\/#\/schema\/logo\/image\/"},"sameAs":["https:\/\/www.facebook.com\/AutolightSystems997","https:\/\/www.instagram.com\/autolightsystems997\/"]}]}},"_links":{"self":[{"href":"https:\/\/autolightsystems.com\/de\/wp-json\/wp\/v2\/product\/2603","targetHints":{"allow":["GET"]}}],"collection":[{"href":"https:\/\/autolightsystems.com\/de\/wp-json\/wp\/v2\/product"}],"about":[{"href":"https:\/\/autolightsystems.com\/de\/wp-json\/wp\/v2\/types\/product"}],"replies":[{"embeddable":true,"href":"https:\/\/autolightsystems.com\/de\/wp-json\/wp\/v2\/comments?post=2603"}],"wp:featuredmedia":[{"embeddable":true,"href":"https:\/\/autolightsystems.com\/de\/wp-json\/wp\/v2\/media\/509"}],"wp:attachment":[{"href":"https:\/\/autolightsystems.com\/de\/wp-json\/wp\/v2\/media?parent=2603"}],"wp:term":[{"taxonomy":"product_brand","embeddable":true,"href":"https:\/\/autolightsystems.com\/de\/wp-json\/wp\/v2\/product_brand?post=2603"},{"taxonomy":"product_cat","embeddable":true,"href":"https:\/\/autolightsystems.com\/de\/wp-json\/wp\/v2\/product_cat?post=2603"},{"taxonomy":"product_tag","embeddable":true,"href":"https:\/\/autolightsystems.com\/de\/wp-json\/wp\/v2\/product_tag?post=2603"}],"curies":[{"name":"wp","href":"https:\/\/api.w.org\/{rel}","templated":true}]}}