{"id":2604,"date":"2019-04-22T21:05:27","date_gmt":"2019-09-10T11:43:36","guid":{"rendered":"http:\/\/autolightsystems.com\/produit\/pals-systeme-de-lumiere-pro-auto\/"},"modified":"2022-02-02T16:37:42","modified_gmt":"2022-02-02T15:37:42","slug":"systeme-d-allumage-automatique-des-phares","status":"publish","type":"product","link":"https:\/\/autolightsystems.com\/fr\/product\/accessoire-porsche\/systeme-d-allumage-automatique-des-phares\/","title":{"rendered":"Solution pro d\u2019allumage automatique<br>des phares pour Porsche &#8211; PALS"},"content":{"rendered":"<p><span style=\"font-family: Raleway; font-size: 17px;\"><span style=\"font-weight: 400;\">Pals est <\/span><span style=\"color: #000000;\"><b>une solution\u00a0 automatique d\u2019allumage des feux sur votre Porsche.<\/b><\/span><span style=\"font-weight: 400;\"> Gr\u00e2ce \u00e0 elle vous gagnerez en confort et en s\u00e9curit\u00e9. Notre <\/span><span style=\"color: #000000;\"><b>accessoire pour v\u00e9hicules Porsche 911\/997 MK1, MK2, Boxster, Cayman et Cayenne est certifi\u00e9 CE et E11<\/b><\/span><span style=\"font-weight: 400;\">. Le kit complet est facile \u00e0 installer et livr\u00e9 chez vous en quelques jours. Votre commutateur de phares compatible Porsche est fourni avec un guide d\u2019installation complet, pour une mise en service en quelques minutes.\u00a0<\/span><\/span><\/p>\n<p><span style=\"font-weight: 400; font-family: Raleway; font-size: 17px;\">Votre Porsche est une voiture d\u2019exception, offrez-lui les meilleurs accessoires et profitez du plaisir de la conduire de jour comme comme de nuit.\u00a0<\/span><\/p>\n<p><span style=\"font-weight: 400; font-family: Raleway; font-size: 17px;\">Les feux de route de votre Porsche<sup>TM<\/sup> s\u2019allument automatiquement.<\/span><\/p>\n<p><span style=\"font-weight: 400; font-family: Raleway; font-size: 17px;\">Les feux de route de votre Porsche<sup>TM<\/sup>, l\u2019allumage des instruments et le mode nuit du PCM** sont activ\u00e9s gr\u00e2ce \u00e0 PALS dans les situations suivantes :<\/span><\/p>\n<p><span style=\"font-family: Raleway; font-size: 17px; color: #000000;\"><b>Aube\/Obscurit\u00e9\/Cr\u00e9puscule<\/b><b><br \/>\n<\/b><b>Lorsque vous passez un tunnel<\/b><b><br \/>\n<\/b><b>A haute vitesse gr\u00e2ce au GPS embarqu\u00e9.<\/b><\/span><\/p>\n<p><strong><span style=\"font-family: Raleway; font-size: 17px;\">Contenu de la boite<\/span><\/strong><\/p>\n<ul>\n<li><span style=\"font-family: Raleway; font-size: 17px; color: #000000;\">Syst\u00e8me PALS : Capteur et processeur\/connecteur<\/span><\/li>\n<\/ul>\n<ul>\n<li><span style=\"font-family: Raleway; font-size: 17px; color: #000000;\">Outil de montage<\/span><\/li>\n<\/ul>\n<ul>\n<li><span style=\"font-family: Raleway; font-size: 17px; color: #000000;\">Compresse de nettoyage du pare-brise<\/span><\/li>\n<\/ul>\n<ul>\n<li><span style=\"font-family: Raleway; font-size: 17px; color: #000000;\">Manuel d\u2019instructions<\/span><\/li>\n<\/ul>\n<p>&nbsp;<\/p>\n","protected":false},"excerpt":{"rendered":"<p><span style=\"font-weight: 400; font-family: Raleway; font-size: 17px;\">\u00ab Adoptez notre solution d\u2019allumage automatique des feux sur votre Porsche, <\/span><span style=\"font-weight: 400; font-family: Raleway; font-size: 17px;\"><br \/>\ngagnez en tranquilit\u00e9, confort et s\u00e9curit\u00e9 \u00bb<\/span><\/p>\n<p><span style=\"font-size: 17px;\"><strong><span style=\"color: #000000; font-family: Raleway;\">Pals est compatible avec :<\/span><\/strong><\/span><br \/>\n<span style=\"font-size: 17px;\"><strong><span style=\"color: #999999; font-family: Raleway;\">&#8211; Porsche 911 \/ 997 MK1, MK2<\/span><\/strong><\/span><br \/>\n<span style=\"font-size: 17px;\"><strong><span style=\"color: #999999; font-family: Raleway;\">&#8211; Boxster et Cayman 987<\/span><\/strong><\/span><br \/>\n<span style=\"font-size: 17px;\"><strong><span style=\"color: #999999; font-family: Raleway;\">&#8211; Cayenne 955 et 957.<\/span><\/strong><\/span><\/p>\n","protected":false},"featured_media":508,"comment_status":"closed","ping_status":"closed","template":"","meta":[],"product_brand":[],"product_cat":[546],"product_tag":[],"class_list":{"0":"post-2604","1":"product","2":"type-product","3":"status-publish","4":"has-post-thumbnail","6":"product_cat-accessoire-porsche","8":"first","9":"instock","10":"taxable","11":"shipping-taxable","12":"purchasable","13":"product-type-simple","14":"prodpage-style2"},"yoast_head":"<!-- This site is optimized with the Yoast SEO plugin v27.4 - https:\/\/yoast.com\/product\/yoast-seo-wordpress\/ -->\n<title>Syst\u00e9me d&#039;allumage automatique des phares pour Porsche - PALS<\/title>\n<meta name=\"description\" content=\"D\u00e9couvrez notre acc\u00e9ssoire d&#039;auto allumage, compatible avec les mod\u00e9les Porsche 911 997 MK1 &amp; MK2, Boxster and Cayman 987, Cayenne 955 &amp; 957.\" \/>\n<meta name=\"robots\" content=\"index, follow, max-snippet:-1, max-image-preview:large, max-video-preview:-1\" \/>\n<link rel=\"canonical\" href=\"https:\/\/autolightsystems.com\/fr\/product\/accessoire-porsche\/systeme-d-allumage-automatique-des-phares\/\" \/>\n<meta property=\"og:locale\" content=\"fr_FR\" \/>\n<meta property=\"og:type\" content=\"article\" \/>\n<meta property=\"og:title\" content=\"Syst\u00e9me d&#039;allumage automatique des phares pour Porsche - PALS\" \/>\n<meta property=\"og:description\" content=\"D\u00e9couvrez notre acc\u00e9ssoire d&#039;auto allumage, compatible avec les mod\u00e9les Porsche 911 997 MK1 &amp; MK2, Boxster and Cayman 987, Cayenne 955 &amp; 957.\" \/>\n<meta property=\"og:url\" content=\"https:\/\/autolightsystems.com\/fr\/product\/accessoire-porsche\/systeme-d-allumage-automatique-des-phares\/\" \/>\n<meta property=\"og:site_name\" content=\"Auto Light Systems\" \/>\n<meta property=\"article:publisher\" content=\"https:\/\/www.facebook.com\/AutolightSystems997\" \/>\n<meta property=\"article:modified_time\" content=\"2022-02-02T15:37:42+00:00\" \/>\n<meta property=\"og:image\" content=\"https:\/\/autolightsystems.com\/wp-content\/uploads\/2019\/06\/boxFront_pals_packshot.jpg\" \/>\n\t<meta property=\"og:image:width\" content=\"1335\" \/>\n\t<meta property=\"og:image:height\" content=\"2000\" \/>\n\t<meta property=\"og:image:type\" content=\"image\/jpeg\" \/>\n<meta name=\"twitter:card\" content=\"summary_large_image\" \/>\n<meta name=\"twitter:label1\" content=\"Dur\u00e9e de lecture estim\u00e9e\" \/>\n\t<meta name=\"twitter:data1\" content=\"1 minute\" \/>\n<script type=\"application\/ld+json\" class=\"yoast-schema-graph\">{\"@context\":\"https:\\\/\\\/schema.org\",\"@graph\":[{\"@type\":\"WebPage\",\"@id\":\"https:\\\/\\\/autolightsystems.com\\\/fr\\\/product\\\/accessoire-porsche\\\/systeme-d-allumage-automatique-des-phares\\\/\",\"url\":\"https:\\\/\\\/autolightsystems.com\\\/fr\\\/product\\\/accessoire-porsche\\\/systeme-d-allumage-automatique-des-phares\\\/\",\"name\":\"Syst\u00e9me d'allumage automatique des phares pour Porsche - PALS\",\"isPartOf\":{\"@id\":\"https:\\\/\\\/autolightsystems.com\\\/fr\\\/#website\"},\"primaryImageOfPage\":{\"@id\":\"https:\\\/\\\/autolightsystems.com\\\/fr\\\/product\\\/accessoire-porsche\\\/systeme-d-allumage-automatique-des-phares\\\/#primaryimage\"},\"image\":{\"@id\":\"https:\\\/\\\/autolightsystems.com\\\/fr\\\/product\\\/accessoire-porsche\\\/systeme-d-allumage-automatique-des-phares\\\/#primaryimage\"},\"thumbnailUrl\":\"https:\\\/\\\/autolightsystems.com\\\/wp-content\\\/uploads\\\/2019\\\/06\\\/boxFront_pals_packshot.jpg\",\"datePublished\":\"2019-09-10T11:43:36+00:00\",\"dateModified\":\"2022-02-02T15:37:42+00:00\",\"description\":\"D\u00e9couvrez notre acc\u00e9ssoire d'auto allumage, compatible avec les mod\u00e9les Porsche 911 997 MK1 & MK2, Boxster and Cayman 987, Cayenne 955 & 957.\",\"breadcrumb\":{\"@id\":\"https:\\\/\\\/autolightsystems.com\\\/fr\\\/product\\\/accessoire-porsche\\\/systeme-d-allumage-automatique-des-phares\\\/#breadcrumb\"},\"inLanguage\":\"fr-FR\",\"potentialAction\":[{\"@type\":\"ReadAction\",\"target\":[\"https:\\\/\\\/autolightsystems.com\\\/fr\\\/product\\\/accessoire-porsche\\\/systeme-d-allumage-automatique-des-phares\\\/\"]}]},{\"@type\":\"ImageObject\",\"inLanguage\":\"fr-FR\",\"@id\":\"https:\\\/\\\/autolightsystems.com\\\/fr\\\/product\\\/accessoire-porsche\\\/systeme-d-allumage-automatique-des-phares\\\/#primaryimage\",\"url\":\"https:\\\/\\\/autolightsystems.com\\\/wp-content\\\/uploads\\\/2019\\\/06\\\/boxFront_pals_packshot.jpg\",\"contentUrl\":\"https:\\\/\\\/autolightsystems.com\\\/wp-content\\\/uploads\\\/2019\\\/06\\\/boxFront_pals_packshot.jpg\",\"width\":1335,\"height\":2000},{\"@type\":\"BreadcrumbList\",\"@id\":\"https:\\\/\\\/autolightsystems.com\\\/fr\\\/product\\\/accessoire-porsche\\\/systeme-d-allumage-automatique-des-phares\\\/#breadcrumb\",\"itemListElement\":[{\"@type\":\"ListItem\",\"position\":1,\"name\":\"Home\",\"item\":\"https:\\\/\\\/autolightsystems.com\\\/fr\\\/\"},{\"@type\":\"ListItem\",\"position\":2,\"name\":\"Shop\",\"item\":\"https:\\\/\\\/autolightsystems.com\\\/shop\\\/\"},{\"@type\":\"ListItem\",\"position\":3,\"name\":\"Solution pro d\u2019allumage automatiquedes phares pour Porsche &#8211; PALS\"}]},{\"@type\":\"WebSite\",\"@id\":\"https:\\\/\\\/autolightsystems.com\\\/fr\\\/#website\",\"url\":\"https:\\\/\\\/autolightsystems.com\\\/fr\\\/\",\"name\":\"Auto Light Systems\",\"description\":\"Auto Light Systems for Porshe lovers\",\"publisher\":{\"@id\":\"https:\\\/\\\/autolightsystems.com\\\/fr\\\/#organization\"},\"alternateName\":\"the automatic headlight switch for Porsche 911\",\"potentialAction\":[{\"@type\":\"SearchAction\",\"target\":{\"@type\":\"EntryPoint\",\"urlTemplate\":\"https:\\\/\\\/autolightsystems.com\\\/fr\\\/?s={search_term_string}\"},\"query-input\":{\"@type\":\"PropertyValueSpecification\",\"valueRequired\":true,\"valueName\":\"search_term_string\"}}],\"inLanguage\":\"fr-FR\"},{\"@type\":\"Organization\",\"@id\":\"https:\\\/\\\/autolightsystems.com\\\/fr\\\/#organization\",\"name\":\"Auto light Systems\",\"url\":\"https:\\\/\\\/autolightsystems.com\\\/fr\\\/\",\"logo\":{\"@type\":\"ImageObject\",\"inLanguage\":\"fr-FR\",\"@id\":\"https:\\\/\\\/autolightsystems.com\\\/fr\\\/#\\\/schema\\\/logo\\\/image\\\/\",\"url\":\"https:\\\/\\\/autolightsystems.com\\\/wp-content\\\/uploads\\\/2019\\\/06\\\/pals-logo-black-1-1.png\",\"contentUrl\":\"https:\\\/\\\/autolightsystems.com\\\/wp-content\\\/uploads\\\/2019\\\/06\\\/pals-logo-black-1-1.png\",\"width\":3305,\"height\":545,\"caption\":\"Auto light Systems\"},\"image\":{\"@id\":\"https:\\\/\\\/autolightsystems.com\\\/fr\\\/#\\\/schema\\\/logo\\\/image\\\/\"},\"sameAs\":[\"https:\\\/\\\/www.facebook.com\\\/AutolightSystems997\",\"https:\\\/\\\/www.instagram.com\\\/autolightsystems997\\\/\"]}]}<\/script>\n<!-- \/ Yoast SEO plugin. -->","yoast_head_json":{"title":"Syst\u00e9me d'allumage automatique des phares pour Porsche - PALS","description":"D\u00e9couvrez notre acc\u00e9ssoire d'auto allumage, compatible avec les mod\u00e9les Porsche 911 997 MK1 & MK2, Boxster and Cayman 987, Cayenne 955 & 957.","robots":{"index":"index","follow":"follow","max-snippet":"max-snippet:-1","max-image-preview":"max-image-preview:large","max-video-preview":"max-video-preview:-1"},"canonical":"https:\/\/autolightsystems.com\/fr\/product\/accessoire-porsche\/systeme-d-allumage-automatique-des-phares\/","og_locale":"fr_FR","og_type":"article","og_title":"Syst\u00e9me d'allumage automatique des phares pour Porsche - PALS","og_description":"D\u00e9couvrez notre acc\u00e9ssoire d'auto allumage, compatible avec les mod\u00e9les Porsche 911 997 MK1 & MK2, Boxster and Cayman 987, Cayenne 955 & 957.","og_url":"https:\/\/autolightsystems.com\/fr\/product\/accessoire-porsche\/systeme-d-allumage-automatique-des-phares\/","og_site_name":"Auto Light Systems","article_publisher":"https:\/\/www.facebook.com\/AutolightSystems997","article_modified_time":"2022-02-02T15:37:42+00:00","og_image":[{"width":1335,"height":2000,"url":"https:\/\/autolightsystems.com\/wp-content\/uploads\/2019\/06\/boxFront_pals_packshot.jpg","type":"image\/jpeg"}],"twitter_card":"summary_large_image","twitter_misc":{"Dur\u00e9e de lecture estim\u00e9e":"1 minute"},"schema":{"@context":"https:\/\/schema.org","@graph":[{"@type":"WebPage","@id":"https:\/\/autolightsystems.com\/fr\/product\/accessoire-porsche\/systeme-d-allumage-automatique-des-phares\/","url":"https:\/\/autolightsystems.com\/fr\/product\/accessoire-porsche\/systeme-d-allumage-automatique-des-phares\/","name":"Syst\u00e9me d'allumage automatique des phares pour Porsche - PALS","isPartOf":{"@id":"https:\/\/autolightsystems.com\/fr\/#website"},"primaryImageOfPage":{"@id":"https:\/\/autolightsystems.com\/fr\/product\/accessoire-porsche\/systeme-d-allumage-automatique-des-phares\/#primaryimage"},"image":{"@id":"https:\/\/autolightsystems.com\/fr\/product\/accessoire-porsche\/systeme-d-allumage-automatique-des-phares\/#primaryimage"},"thumbnailUrl":"https:\/\/autolightsystems.com\/wp-content\/uploads\/2019\/06\/boxFront_pals_packshot.jpg","datePublished":"2019-09-10T11:43:36+00:00","dateModified":"2022-02-02T15:37:42+00:00","description":"D\u00e9couvrez notre acc\u00e9ssoire d'auto allumage, compatible avec les mod\u00e9les Porsche 911 997 MK1 & MK2, Boxster and Cayman 987, Cayenne 955 & 957.","breadcrumb":{"@id":"https:\/\/autolightsystems.com\/fr\/product\/accessoire-porsche\/systeme-d-allumage-automatique-des-phares\/#breadcrumb"},"inLanguage":"fr-FR","potentialAction":[{"@type":"ReadAction","target":["https:\/\/autolightsystems.com\/fr\/product\/accessoire-porsche\/systeme-d-allumage-automatique-des-phares\/"]}]},{"@type":"ImageObject","inLanguage":"fr-FR","@id":"https:\/\/autolightsystems.com\/fr\/product\/accessoire-porsche\/systeme-d-allumage-automatique-des-phares\/#primaryimage","url":"https:\/\/autolightsystems.com\/wp-content\/uploads\/2019\/06\/boxFront_pals_packshot.jpg","contentUrl":"https:\/\/autolightsystems.com\/wp-content\/uploads\/2019\/06\/boxFront_pals_packshot.jpg","width":1335,"height":2000},{"@type":"BreadcrumbList","@id":"https:\/\/autolightsystems.com\/fr\/product\/accessoire-porsche\/systeme-d-allumage-automatique-des-phares\/#breadcrumb","itemListElement":[{"@type":"ListItem","position":1,"name":"Home","item":"https:\/\/autolightsystems.com\/fr\/"},{"@type":"ListItem","position":2,"name":"Shop","item":"https:\/\/autolightsystems.com\/shop\/"},{"@type":"ListItem","position":3,"name":"Solution pro d\u2019allumage automatiquedes phares pour Porsche &#8211; PALS"}]},{"@type":"WebSite","@id":"https:\/\/autolightsystems.com\/fr\/#website","url":"https:\/\/autolightsystems.com\/fr\/","name":"Auto Light Systems","description":"Auto Light Systems for Porshe lovers","publisher":{"@id":"https:\/\/autolightsystems.com\/fr\/#organization"},"alternateName":"the automatic headlight switch for Porsche 911","potentialAction":[{"@type":"SearchAction","target":{"@type":"EntryPoint","urlTemplate":"https:\/\/autolightsystems.com\/fr\/?s={search_term_string}"},"query-input":{"@type":"PropertyValueSpecification","valueRequired":true,"valueName":"search_term_string"}}],"inLanguage":"fr-FR"},{"@type":"Organization","@id":"https:\/\/autolightsystems.com\/fr\/#organization","name":"Auto light Systems","url":"https:\/\/autolightsystems.com\/fr\/","logo":{"@type":"ImageObject","inLanguage":"fr-FR","@id":"https:\/\/autolightsystems.com\/fr\/#\/schema\/logo\/image\/","url":"https:\/\/autolightsystems.com\/wp-content\/uploads\/2019\/06\/pals-logo-black-1-1.png","contentUrl":"https:\/\/autolightsystems.com\/wp-content\/uploads\/2019\/06\/pals-logo-black-1-1.png","width":3305,"height":545,"caption":"Auto light Systems"},"image":{"@id":"https:\/\/autolightsystems.com\/fr\/#\/schema\/logo\/image\/"},"sameAs":["https:\/\/www.facebook.com\/AutolightSystems997","https:\/\/www.instagram.com\/autolightsystems997\/"]}]}},"_links":{"self":[{"href":"https:\/\/autolightsystems.com\/fr\/wp-json\/wp\/v2\/product\/2604","targetHints":{"allow":["GET"]}}],"collection":[{"href":"https:\/\/autolightsystems.com\/fr\/wp-json\/wp\/v2\/product"}],"about":[{"href":"https:\/\/autolightsystems.com\/fr\/wp-json\/wp\/v2\/types\/product"}],"replies":[{"embeddable":true,"href":"https:\/\/autolightsystems.com\/fr\/wp-json\/wp\/v2\/comments?post=2604"}],"wp:featuredmedia":[{"embeddable":true,"href":"https:\/\/autolightsystems.com\/fr\/wp-json\/wp\/v2\/media\/508"}],"wp:attachment":[{"href":"https:\/\/autolightsystems.com\/fr\/wp-json\/wp\/v2\/media?parent=2604"}],"wp:term":[{"taxonomy":"product_brand","embeddable":true,"href":"https:\/\/autolightsystems.com\/fr\/wp-json\/wp\/v2\/product_brand?post=2604"},{"taxonomy":"product_cat","embeddable":true,"href":"https:\/\/autolightsystems.com\/fr\/wp-json\/wp\/v2\/product_cat?post=2604"},{"taxonomy":"product_tag","embeddable":true,"href":"https:\/\/autolightsystems.com\/fr\/wp-json\/wp\/v2\/product_tag?post=2604"}],"curies":[{"name":"wp","href":"https:\/\/api.w.org\/{rel}","templated":true}]}}